{"id":1250,"date":"2021-04-27T17:16:36","date_gmt":"2021-04-27T15:16:36","guid":{"rendered":"http:\/\/ca2e-sport.com\/?page_id=1250"},"modified":"2021-05-06T20:14:53","modified_gmt":"2021-05-06T18:14:53","slug":"i","status":"publish","type":"page","link":"https:\/\/ca2e-sport.com\/index.php\/i\/","title":{"rendered":"s&#8217;inscrire"},"content":{"rendered":"\t\t<div data-elementor-type=\"wp-page\" data-elementor-id=\"1250\" class=\"elementor elementor-1250\" data-elementor-settings=\"[]\">\n\t\t\t\t\t\t\t<div class=\"elementor-section-wrap\">\n\t\t\t\t\t\t\t<section class=\"elementor-section elementor-top-section elementor-element elementor-element-7cc9cf7 elementor-section-boxed elementor-section-height-default elementor-section-height-default\" data-id=\"7cc9cf7\" data-element_type=\"section\">\n\t\t\t\t\t\t<div class=\"elementor-container elementor-column-gap-default\">\n\t\t\t\t\t<div class=\"elementor-column elementor-col-66 elementor-top-column elementor-element elementor-element-57d112e\" data-id=\"57d112e\" data-element_type=\"column\">\n\t\t\t<div class=\"elementor-widget-wrap elementor-element-populated\">\n\t\t\t\t\t\t\t\t<div class=\"elementor-element elementor-element-e5ab1aa elementor-widget elementor-widget-text-editor\" data-id=\"e5ab1aa\" data-element_type=\"widget\" data-widget_type=\"text-editor.default\">\n\t\t\t\t<div class=\"elementor-widget-container\">\n\t\t\t\t\t<div class=\"elementor-text-editor elementor-clearfix\"><html>\n<body>\nCA2E-Sport vous offre des sessions de formation en :\n<p>\u2022\tENTREPRENEURIAT SPORTIF Cliquer  <a href=\"https:\/\/ca2e-sport.com\/wp-content\/uploads\/2021\/05\/CA2E-Programme-Entrepreneuriat-sportif-1.pdf\"> \n ici pour voir  le programme<\/a><\/p>\n\n<p>\u2022\tPREPARATION PHYSIQUE Cliquer\n<a href=\"https:\/\/ca2e-sport.com\/wp-content\/uploads\/2021\/05\/CA2E-Programme-PP-1.pdf\"> \n ici pour voir  le programme<\/a><\/p>\n\n<p>Pour d\u2019AUTRES FORMATIONS, veuillez consulter le site  <a href=\"https:\/\/ca2e-sport.com\"> www.ca2e-sport.com <\/a><\/p>\n<p>Pour les conditions de participation, veuillez consulter le programme correspondant<\/p>\n\n<p> Pour un d\u00e9p\u00f4t physique, t\u00e9l\u00e9chargez et remplissez la  <a href=\"https:\/\/ca2e-sport.com\/wp-content\/uploads\/2021\/05\/CA2E-SPORT-\u2502-Fomulaire-dinscription.pdf\"> Fiche d\u2019inscription en pdf <\/a>\n <a href=\"https:\/\/ca2e-sport.com\/wp-content\/uploads\/2021\/05\/CA2E-SPORT-\u2502-Fomulaire-dinscription-1.docx\"> <font color=\"blue\"> ou en docx <\/font><\/a>\n . <\/p>\n<\/body>\n<\/html><\/div>\n\t\t\t\t<\/div>\n\t\t\t\t<\/div>\n\t\t\t\t\t<\/div>\n\t\t<\/div>\n\t\t\t\t<div class=\"elementor-column elementor-col-33 elementor-top-column elementor-element elementor-element-8f0b08c\" data-id=\"8f0b08c\" data-element_type=\"column\">\n\t\t\t<div class=\"elementor-widget-wrap elementor-element-populated\">\n\t\t\t\t\t\t\t\t<div class=\"elementor-element elementor-element-84b14ef elementor-widget elementor-widget-image\" data-id=\"84b14ef\" data-element_type=\"widget\" data-widget_type=\"image.default\">\n\t\t\t\t<div class=\"elementor-widget-container\">\n\t\t\t\t\t<div class=\"elementor-image\">\n\t\t\t\t\t\t\t\t\t\t<img width=\"311\" height=\"100\" src=\"https:\/\/ca2e-sport.com\/wp-content\/uploads\/2021\/04\/inscription.png\" class=\"attachment-large size-large\" alt=\"\" loading=\"lazy\" srcset=\"https:\/\/ca2e-sport.com\/wp-content\/uploads\/2021\/04\/inscription.png 311w, https:\/\/ca2e-sport.com\/wp-content\/uploads\/2021\/04\/inscription-300x96.png 300w\" sizes=\"(max-width: 311px) 100vw, 311px\" \/>\t\t\t\t\t\t\t\t\t\t\t<\/div>\n\t\t\t\t<\/div>\n\t\t\t\t<\/div>\n\t\t\t\t\t<\/div>\n\t\t<\/div>\n\t\t\t\t\t\t\t<\/div>\n\t\t<\/section>\n\t\t\t\t<section class=\"elementor-section elementor-top-section elementor-element elementor-element-cd41d9e elementor-section-boxed elementor-section-height-default elementor-section-height-default\" data-id=\"cd41d9e\" data-element_type=\"section\">\n\t\t\t\t\t\t<div class=\"elementor-container elementor-column-gap-default\">\n\t\t\t\t\t<div class=\"elementor-column elementor-col-100 elementor-top-column elementor-element elementor-element-2738c0c\" data-id=\"2738c0c\" data-element_type=\"column\">\n\t\t\t<div class=\"elementor-widget-wrap elementor-element-populated\">\n\t\t\t\t\t\t\t\t<div class=\"elementor-element elementor-element-5458569 elementor-widget elementor-widget-heading\" data-id=\"5458569\" data-element_type=\"widget\" data-widget_type=\"heading.default\">\n\t\t\t\t<div class=\"elementor-widget-container\">\n\t\t\t<div class=\"elementor-heading-title elementor-size-default\">FORMULAIRE D\u2019INSCRIPTION EN LIGNE  POUR UNE FORMATION SPORTIVE<\/div>\t\t<\/div>\n\t\t\t\t<\/div>\n\t\t\t\t\t<\/div>\n\t\t<\/div>\n\t\t\t\t\t\t\t<\/div>\n\t\t<\/section>\n\t\t\t\t<section class=\"elementor-section elementor-top-section elementor-element elementor-element-430a695 elementor-section-boxed elementor-section-height-default elementor-section-height-default\" data-id=\"430a695\" data-element_type=\"section\">\n\t\t\t\t\t\t<div class=\"elementor-container elementor-column-gap-default\">\n\t\t\t\t\t<div class=\"elementor-column elementor-col-100 elementor-top-column elementor-element elementor-element-dd89385\" data-id=\"dd89385\" data-element_type=\"column\">\n\t\t\t<div class=\"elementor-widget-wrap elementor-element-populated\">\n\t\t\t\t\t\t\t\t<div class=\"elementor-element elementor-element-35ca2cf elementor-widget elementor-widget-text-editor\" data-id=\"35ca2cf\" data-element_type=\"widget\" data-widget_type=\"text-editor.default\">\n\t\t\t\t<div class=\"elementor-widget-container\">\n\t\t\t\t\t<div class=\"elementor-text-editor elementor-clearfix\">\n<!-- This file should primarily consist of HTML with a little bit of PHP. -->\n<div class=\"app-flo-forms app-flo-forms_1277\" data-form_id=\"1277\">\n  <form class=\"flo-form\" enctype=\"multipart\/form-data\" >\n    <flo-form v-bind:form_id=\"1277\"><\/flo-form>\n    <input type=\"hidden\" name=\"flo_fid\" value=\"1277\">\n    <div class=\"flo overlay-loader\">\n      <div class=\"loader\"><div><\/div><div><\/div><div><\/div><div><\/div><div><\/div><div><\/div><div><\/div><\/div>\n    <\/div>\n    <div class=\"flo-response\"><\/div>\n    <div class=\"flo-response-error\"><\/div>\n  <\/form>\n<\/div><\/div>\n\t\t\t\t<\/div>\n\t\t\t\t<\/div>\n\t\t\t\t\t<\/div>\n\t\t<\/div>\n\t\t\t\t\t\t\t<\/div>\n\t\t<\/section>\n\t\t\t\t<section class=\"elementor-section elementor-top-section elementor-element elementor-element-ff76d8c elementor-section-boxed elementor-section-height-default elementor-section-height-default\" data-id=\"ff76d8c\" data-element_type=\"section\">\n\t\t\t\t\t\t<div class=\"elementor-container elementor-column-gap-default\">\n\t\t\t\t\t<div class=\"elementor-column elementor-col-100 elementor-top-column elementor-element elementor-element-0e979dc\" data-id=\"0e979dc\" data-element_type=\"column\">\n\t\t\t<div class=\"elementor-widget-wrap elementor-element-populated\">\n\t\t\t\t\t\t\t\t<div class=\"elementor-element elementor-element-895d750 elementor-widget elementor-widget-heading\" data-id=\"895d750\" data-element_type=\"widget\" data-widget_type=\"heading.default\">\n\t\t\t\t<div class=\"elementor-widget-container\">\n\t\t\t<h5 class=\"elementor-heading-title elementor-size-default\">INFORMATIONS IMPORTANTES CI-DESSOUS !!!<\/h5>\t\t<\/div>\n\t\t\t\t<\/div>\n\t\t\t\t\t<\/div>\n\t\t<\/div>\n\t\t\t\t\t\t\t<\/div>\n\t\t<\/section>\n\t\t\t\t<section class=\"elementor-section elementor-top-section elementor-element elementor-element-68c2029 elementor-section-boxed elementor-section-height-default elementor-section-height-default\" data-id=\"68c2029\" data-element_type=\"section\">\n\t\t\t\t\t\t<div class=\"elementor-container elementor-column-gap-default\">\n\t\t\t\t\t<div class=\"elementor-column elementor-col-100 elementor-top-column elementor-element elementor-element-4b8aaac\" data-id=\"4b8aaac\" data-element_type=\"column\">\n\t\t\t<div class=\"elementor-widget-wrap elementor-element-populated\">\n\t\t\t\t\t\t\t\t<div class=\"elementor-element elementor-element-29031e7 elementor-widget elementor-widget-heading\" data-id=\"29031e7\" data-element_type=\"widget\" data-widget_type=\"heading.default\">\n\t\t\t\t<div class=\"elementor-widget-container\">\n\t\t\t<h6 class=\"elementor-heading-title elementor-size-default\">  Engagement<\/h6>\t\t<\/div>\n\t\t\t\t<\/div>\n\t\t\t\t\t<\/div>\n\t\t<\/div>\n\t\t\t\t\t\t\t<\/div>\n\t\t<\/section>\n\t\t\t\t<section class=\"elementor-section elementor-top-section elementor-element elementor-element-75edeea elementor-section-boxed elementor-section-height-default elementor-section-height-default\" data-id=\"75edeea\" data-element_type=\"section\">\n\t\t\t\t\t\t<div class=\"elementor-container elementor-column-gap-default\">\n\t\t\t\t\t<div class=\"elementor-column elementor-col-100 elementor-top-column elementor-element elementor-element-5f775a1\" data-id=\"5f775a1\" data-element_type=\"column\">\n\t\t\t<div class=\"elementor-widget-wrap elementor-element-populated\">\n\t\t\t\t\t\t\t\t<div class=\"elementor-element elementor-element-94136cd elementor-widget elementor-widget-text-editor\" data-id=\"94136cd\" data-element_type=\"widget\" data-widget_type=\"text-editor.default\">\n\t\t\t\t<div class=\"elementor-widget-container\">\n\t\t\t\t\t<div class=\"elementor-text-editor elementor-clearfix\"><p><em>CA2E-Sport s\u2019engage \u00e0 ne pas vendre, louer ou divulguer d\u2019une fa\u00e7on quelconque votre adresse \u00e9lectronique ou toute autre information personnelle. Nous vous informons que les donn\u00e9es que vous nous communiquez font l\u2019objet d\u2019un traitement informatis\u00e9 et sont destin\u00e9es \u00e0 nous permettre de g\u00e9rer votre candidature et de vous informer sur les \u00e9v\u00e8nements li\u00e9s \u00e0 votre programme de formation.<\/em><\/p><p>\u00a0<\/p><\/div>\n\t\t\t\t<\/div>\n\t\t\t\t<\/div>\n\t\t\t\t\t<\/div>\n\t\t<\/div>\n\t\t\t\t\t\t\t<\/div>\n\t\t<\/section>\n\t\t\t\t<section class=\"elementor-section elementor-top-section elementor-element elementor-element-3fd7fab elementor-section-boxed elementor-section-height-default elementor-section-height-default\" data-id=\"3fd7fab\" data-element_type=\"section\">\n\t\t\t\t\t\t<div class=\"elementor-container elementor-column-gap-default\">\n\t\t\t\t\t<div class=\"elementor-column elementor-col-100 elementor-top-column elementor-element elementor-element-c35047f\" data-id=\"c35047f\" data-element_type=\"column\">\n\t\t\t<div class=\"elementor-widget-wrap elementor-element-populated\">\n\t\t\t\t\t\t\t\t<div class=\"elementor-element elementor-element-9991bc2 elementor-widget elementor-widget-heading\" data-id=\"9991bc2\" data-element_type=\"widget\" data-widget_type=\"heading.default\">\n\t\t\t\t<div class=\"elementor-widget-container\">\n\t\t\t<h6 class=\"elementor-heading-title elementor-size-default\"> Dossier de candidature:<\/h6>\t\t<\/div>\n\t\t\t\t<\/div>\n\t\t\t\t\t<\/div>\n\t\t<\/div>\n\t\t\t\t\t\t\t<\/div>\n\t\t<\/section>\n\t\t\t\t<section class=\"elementor-section elementor-top-section elementor-element elementor-element-dcd5f70 elementor-section-boxed elementor-section-height-default elementor-section-height-default\" data-id=\"dcd5f70\" data-element_type=\"section\">\n\t\t\t\t\t\t<div class=\"elementor-container elementor-column-gap-default\">\n\t\t\t\t\t<div class=\"elementor-column elementor-col-100 elementor-top-column elementor-element elementor-element-eae6b11\" data-id=\"eae6b11\" data-element_type=\"column\">\n\t\t\t<div class=\"elementor-widget-wrap elementor-element-populated\">\n\t\t\t\t\t\t\t\t<div class=\"elementor-element elementor-element-314752b elementor-widget elementor-widget-text-editor\" data-id=\"314752b\" data-element_type=\"widget\" data-widget_type=\"text-editor.default\">\n\t\t\t\t<div class=\"elementor-widget-container\">\n\t\t\t\t\t<div class=\"elementor-text-editor elementor-clearfix\"><ul><li>1 Curriculum Vitae (CV)<\/li><li>Les copies des dipl\u00f4mes<\/li><li>Le Formulaire d\u2019inscription<\/li><li>Frais de formation\u00a0<\/li><\/ul><\/div>\n\t\t\t\t<\/div>\n\t\t\t\t<\/div>\n\t\t\t\t\t<\/div>\n\t\t<\/div>\n\t\t\t\t\t\t\t<\/div>\n\t\t<\/section>\n\t\t\t\t<section class=\"elementor-section elementor-top-section elementor-element elementor-element-d5e6c63 elementor-section-boxed elementor-section-height-default elementor-section-height-default\" data-id=\"d5e6c63\" data-element_type=\"section\">\n\t\t\t\t\t\t<div class=\"elementor-container elementor-column-gap-default\">\n\t\t\t\t\t<div class=\"elementor-column elementor-col-100 elementor-top-column elementor-element elementor-element-22102fc\" data-id=\"22102fc\" data-element_type=\"column\">\n\t\t\t<div class=\"elementor-widget-wrap elementor-element-populated\">\n\t\t\t\t\t\t\t\t<div class=\"elementor-element elementor-element-75eb39a elementor-widget elementor-widget-heading\" data-id=\"75eb39a\" data-element_type=\"widget\" data-widget_type=\"heading.default\">\n\t\t\t\t<div class=\"elementor-widget-container\">\n\t\t\t<h6 class=\"elementor-heading-title elementor-size-default\"> Proc\u00e9dure de s\u00e9lection<\/h6>\t\t<\/div>\n\t\t\t\t<\/div>\n\t\t\t\t\t<\/div>\n\t\t<\/div>\n\t\t\t\t\t\t\t<\/div>\n\t\t<\/section>\n\t\t\t\t<section class=\"elementor-section elementor-top-section elementor-element elementor-element-26f4972 elementor-section-boxed elementor-section-height-default elementor-section-height-default\" data-id=\"26f4972\" data-element_type=\"section\">\n\t\t\t\t\t\t<div class=\"elementor-container elementor-column-gap-default\">\n\t\t\t\t\t<div class=\"elementor-column elementor-col-100 elementor-top-column elementor-element elementor-element-8cd0885\" data-id=\"8cd0885\" data-element_type=\"column\">\n\t\t\t<div class=\"elementor-widget-wrap elementor-element-populated\">\n\t\t\t\t\t\t\t\t<div class=\"elementor-element elementor-element-f33c111 elementor-widget elementor-widget-text-editor\" data-id=\"f33c111\" data-element_type=\"widget\" data-widget_type=\"text-editor.default\">\n\t\t\t\t<div class=\"elementor-widget-container\">\n\t\t\t\t\t<div class=\"elementor-text-editor elementor-clearfix\">A la cl\u00f4ture du d\u00e9lai d\u2019inscription, la Commission d\u2019examen des candidatures pourra convoquer les candidats pour une interview (possibilit\u00e9 de faire les interviews en ligne pour les candidats hors du territoire s\u00e9n\u00e9galais). Les d\u00e9cisions de la Commission seront communiqu\u00e9es aux candidats au plus tard deux semaines avant le d\u00e9but des cours.<\/div>\n\t\t\t\t<\/div>\n\t\t\t\t<\/div>\n\t\t\t\t\t<\/div>\n\t\t<\/div>\n\t\t\t\t\t\t\t<\/div>\n\t\t<\/section>\n\t\t\t\t<section class=\"elementor-section elementor-top-section elementor-element elementor-element-c789967 elementor-section-boxed elementor-section-height-default elementor-section-height-default\" data-id=\"c789967\" data-element_type=\"section\">\n\t\t\t\t\t\t<div class=\"elementor-container elementor-column-gap-default\">\n\t\t\t\t\t<div class=\"elementor-column elementor-col-100 elementor-top-column elementor-element elementor-element-3f1f97b\" data-id=\"3f1f97b\" data-element_type=\"column\">\n\t\t\t<div class=\"elementor-widget-wrap elementor-element-populated\">\n\t\t\t\t\t\t\t\t<div class=\"elementor-element elementor-element-d4b1971 elementor-widget elementor-widget-text-editor\" data-id=\"d4b1971\" data-element_type=\"widget\" data-widget_type=\"text-editor.default\">\n\t\t\t\t<div class=\"elementor-widget-container\">\n\t\t\t\t\t<div class=\"elementor-text-editor elementor-clearfix\"><\/div>\n\t\t\t\t<\/div>\n\t\t\t\t<\/div>\n\t\t\t\t\t<\/div>\n\t\t<\/div>\n\t\t\t\t\t\t\t<\/div>\n\t\t<\/section>\n\t\t\t\t<section class=\"elementor-section elementor-top-section elementor-element elementor-element-ce8912d elementor-section-boxed elementor-section-height-default elementor-section-height-default\" data-id=\"ce8912d\" data-element_type=\"section\">\n\t\t\t\t\t\t<div class=\"elementor-container elementor-column-gap-default\">\n\t\t\t\t\t<div class=\"elementor-column elementor-col-100 elementor-top-column elementor-element elementor-element-09ed4c5\" data-id=\"09ed4c5\" data-element_type=\"column\">\n\t\t\t<div class=\"elementor-widget-wrap elementor-element-populated\">\n\t\t\t\t\t\t\t\t<div class=\"elementor-element elementor-element-ee7e5ca elementor-widget elementor-widget-text-editor\" data-id=\"ee7e5ca\" data-element_type=\"widget\" data-widget_type=\"text-editor.default\">\n\t\t\t\t<div class=\"elementor-widget-container\">\n\t\t\t\t\t<div class=\"elementor-text-editor elementor-clearfix\"><\/div>\n\t\t\t\t<\/div>\n\t\t\t\t<\/div>\n\t\t\t\t\t<\/div>\n\t\t<\/div>\n\t\t\t\t\t\t\t<\/div>\n\t\t<\/section>\n\t\t\t\t\t\t<\/div>\n\t\t\t\t\t<\/div>\n\t\t","protected":false},"excerpt":{"rendered":"<p>CA2E-Sport vous offre des sessions de formation en : \u2022 ENTREPRENEURIAT SPORTIF Cliquer ici pour voir le programme \u2022 PREPARATION PHYSIQUE Cliquer ici pour voir le programme Pour d\u2019AUTRES FORMATIONS, veuillez consulter le site www.ca2e-sport.com Pour les conditions de participation, veuillez consulter le programme correspondant Pour un d\u00e9p\u00f4t physique, t\u00e9l\u00e9chargez et remplissez la Fiche d\u2019inscription&nbsp;&hellip;<\/p>\n","protected":false},"author":1,"featured_media":0,"parent":0,"menu_order":0,"comment_status":"closed","ping_status":"closed","template":"","meta":[],"yoast_head":"<!-- This site is optimized with the Yoast SEO plugin v15.6.2 - https:\/\/yoast.com\/wordpress\/plugins\/seo\/ -->\n<title>s&#039;inscrire - CA2E-SPORT<\/title>\n<meta name=\"robots\" content=\"index, follow, max-snippet:-1, max-image-preview:large, max-video-preview:-1\" \/>\n<link rel=\"canonical\" href=\"https:\/\/ca2e-sport.com\/index.php\/i\/\" \/>\n<meta property=\"og:locale\" content=\"fr_FR\" \/>\n<meta property=\"og:type\" content=\"article\" \/>\n<meta property=\"og:title\" content=\"s&#039;inscrire - CA2E-SPORT\" \/>\n<meta property=\"og:description\" content=\"CA2E-Sport vous offre des sessions de formation en : \u2022 ENTREPRENEURIAT SPORTIF Cliquer ici pour voir le programme \u2022 PREPARATION PHYSIQUE Cliquer ici pour voir le programme Pour d\u2019AUTRES FORMATIONS, veuillez consulter le site www.ca2e-sport.com Pour les conditions de participation, veuillez consulter le programme correspondant Pour un d\u00e9p\u00f4t physique, t\u00e9l\u00e9chargez et remplissez la Fiche d\u2019inscription&nbsp;&hellip;\" \/>\n<meta property=\"og:url\" content=\"https:\/\/ca2e-sport.com\/index.php\/i\/\" \/>\n<meta property=\"og:site_name\" content=\"CA2E-SPORT\" \/>\n<meta property=\"article:modified_time\" content=\"2021-05-06T18:14:53+00:00\" \/>\n<meta property=\"og:image\" content=\"http:\/\/ca2e-sport.com\/wp-content\/uploads\/2021\/04\/inscription.png\" \/>\n<meta name=\"twitter:card\" content=\"summary_large_image\" \/>\n<meta name=\"twitter:label1\" content=\"Dur\u00e9e de lecture est.\">\n\t<meta name=\"twitter:data1\" content=\"2 minutes\">\n<script type=\"application\/ld+json\" class=\"yoast-schema-graph\">{\"@context\":\"https:\/\/schema.org\",\"@graph\":[{\"@type\":\"WebSite\",\"@id\":\"https:\/\/ca2e-sport.com\/#website\",\"url\":\"https:\/\/ca2e-sport.com\/\",\"name\":\"CA2E-SPORT\",\"description\":\"\",\"potentialAction\":[{\"@type\":\"SearchAction\",\"target\":\"https:\/\/ca2e-sport.com\/?s={search_term_string}\",\"query-input\":\"required name=search_term_string\"}],\"inLanguage\":\"fr-FR\"},{\"@type\":\"ImageObject\",\"@id\":\"https:\/\/ca2e-sport.com\/index.php\/i\/#primaryimage\",\"inLanguage\":\"fr-FR\",\"url\":\"http:\/\/ca2e-sport.com\/wp-content\/uploads\/2021\/04\/inscription.png\"},{\"@type\":\"WebPage\",\"@id\":\"https:\/\/ca2e-sport.com\/index.php\/i\/#webpage\",\"url\":\"https:\/\/ca2e-sport.com\/index.php\/i\/\",\"name\":\"s'inscrire - CA2E-SPORT\",\"isPartOf\":{\"@id\":\"https:\/\/ca2e-sport.com\/#website\"},\"primaryImageOfPage\":{\"@id\":\"https:\/\/ca2e-sport.com\/index.php\/i\/#primaryimage\"},\"datePublished\":\"2021-04-27T15:16:36+00:00\",\"dateModified\":\"2021-05-06T18:14:53+00:00\",\"inLanguage\":\"fr-FR\",\"potentialAction\":[{\"@type\":\"ReadAction\",\"target\":[\"https:\/\/ca2e-sport.com\/index.php\/i\/\"]}]}]}<\/script>\n<!-- \/ Yoast SEO plugin. -->","_links":{"self":[{"href":"https:\/\/ca2e-sport.com\/index.php\/wp-json\/wp\/v2\/pages\/1250"}],"collection":[{"href":"https:\/\/ca2e-sport.com\/index.php\/wp-json\/wp\/v2\/pages"}],"about":[{"href":"https:\/\/ca2e-sport.com\/index.php\/wp-json\/wp\/v2\/types\/page"}],"author":[{"embeddable":true,"href":"https:\/\/ca2e-sport.com\/index.php\/wp-json\/wp\/v2\/users\/1"}],"replies":[{"embeddable":true,"href":"https:\/\/ca2e-sport.com\/index.php\/wp-json\/wp\/v2\/comments?post=1250"}],"version-history":[{"count":164,"href":"https:\/\/ca2e-sport.com\/index.php\/wp-json\/wp\/v2\/pages\/1250\/revisions"}],"predecessor-version":[{"id":1468,"href":"https:\/\/ca2e-sport.com\/index.php\/wp-json\/wp\/v2\/pages\/1250\/revisions\/1468"}],"wp:attachment":[{"href":"https:\/\/ca2e-sport.com\/index.php\/wp-json\/wp\/v2\/media?parent=1250"}],"curies":[{"name":"wp","href":"https:\/\/api.w.org\/{rel}","templated":true}]}}