{"id":322,"date":"2021-01-29T22:18:11","date_gmt":"2021-01-29T21:18:11","guid":{"rendered":"http:\/\/ca2e-sport.com\/?page_id=322"},"modified":"2021-03-11T13:26:44","modified_gmt":"2021-03-11T12:26:44","slug":"musee-virtuel-du-sport-africain","status":"publish","type":"page","link":"https:\/\/ca2e-sport.com\/index.php\/musee-virtuel-du-sport-africain\/","title":{"rendered":"Observatoire du Sport"},"content":{"rendered":"\t\t<div data-elementor-type=\"wp-page\" data-elementor-id=\"322\" class=\"elementor elementor-322\" data-elementor-settings=\"[]\">\n\t\t\t\t\t\t\t<div class=\"elementor-section-wrap\">\n\t\t\t\t\t\t\t<section class=\"elementor-section elementor-top-section elementor-element elementor-element-8b1bd6e elementor-section-boxed elementor-section-height-default elementor-section-height-default\" data-id=\"8b1bd6e\" data-element_type=\"section\">\n\t\t\t\t\t\t<div class=\"elementor-container elementor-column-gap-default\">\n\t\t\t\t\t<div class=\"elementor-column elementor-col-100 elementor-top-column elementor-element elementor-element-d242a97\" data-id=\"d242a97\" data-element_type=\"column\">\n\t\t\t<div class=\"elementor-widget-wrap elementor-element-populated\">\n\t\t\t\t\t\t\t\t<div class=\"elementor-element elementor-element-b9596ef elementor-widget elementor-widget-text-editor\" data-id=\"b9596ef\" data-element_type=\"widget\" data-widget_type=\"text-editor.default\">\n\t\t\t\t<div class=\"elementor-widget-container\">\n\t\t\t\t\t<div class=\"elementor-text-editor elementor-clearfix\"><!DOCTYPE html>\n<html>\n<title>Obsevatoire du sport<\/title>\n<meta charset=\"UTF-8\">\n<meta name=\"viewport\" content=\"width=device-width, initial-scale=1\">\n<link rel=\"stylesheet\" href=\"https:\/\/www.w3schools.com\/w3css\/4\/w3.css\">\n<link rel=\"stylesheet\" href=\"https:\/\/fonts.googleapis.com\/css?family=Raleway\">\n<link rel=\"stylesheet\" href=\"https:\/\/cdnjs.cloudflare.com\/ajax\/libs\/font-awesome\/4.7.0\/css\/font-awesome.min.css\">\n<style>\nbody,h1,h2,h3,h4,h5,h6 {font-family: \"Raleway\", sans-serif}\n\nbody, html {\n  height: 100%;\n  line-height: 1.8;\n}\n\n\n\n.w3-bar .w3-button {\n  padding: 16px;\n}\n<\/style>\n<body>\n\n\n\n\n\n\n\n\n<div class=\"w3-container w3-blue\" style=\"padding:128px 16px\">\n  <div class=\"w3-row-padding\">\n    <div class=\"w3-col m6\">\n      <h3>OBSERVATOIRE DU SPORT<\/h3>\n      <p>L\u2019observatoire du sport Africain a pour objectif la collecte, le traitement et la mise en valeur\n           des donn\u00e9es sur le sport africain afin d\u2019effectuer des comparaisons par zone et par pays.<\/p>\n      <p><a href=\"#work\" class=\"w3-button w3-black\"><i class=\"fa fa-th\"> <\/i> Voir Les Missions de l&#8217;Observatoire<\/a><\/p>\n    <\/div>\n    <div class=\"w3-col m6\">\n      <img loading=\"lazy\" class=\"w3-image w3-round-large\" src=\"https:\/\/ca2e-sport.com\/wp-content\/uploads\/2021\/03\/basF.png\" alt=\"Buildings\" width=\"700\" height=\"394\">\n    <\/div>\n  <\/div>\n<\/div>\n\n\n\n\n\n<div class=\"w3-container\" style=\"padding:128px 16px\" id=\"work\">\n  <h5 class=\"w3-center\">L\u2019Observatoire National du Sport est charg\u00e9 notamment des missions suivantes :<\/h5>\n  <p >\n     &#8211; Observer la situation du sport et de l\u2019\u00e9ducation physique et suivre ses nouveaut\u00e9s, sur le plan national et international, par la collecte des informations et des donn\u00e9es, leur traitement, leur analyse et leur diffusion et l\u2019\u00e9laboration des rapports n\u00e9cessaires sur les\n      r\u00e9sultats du sport africain dans le cadre d\u2019un syst\u00e8me d\u2019informations d\u00e9velopp\u00e9 et efficient.\n<\/p>\n <p >\n &#8211;   \tR\u00e9aliser des \u00e9tudes scientifiques et des recherches afin d\u2019assurer l\u2019\u00e9valuation\n  du secteur du sport et de l\u2019\u00e9ducation physique et de prospecter ses horizons.\n <\/p>\n <p >\n    &#8211; Organiser les s\u00e9minaires et les colloques, r\u00e9aliser des programmes d\u2019information et de formation et les diff\u00e9rentes manifestations sportives\n     et renforcer le r\u00f4le de tous les intervenants dans le secteur du sport.  \n    <\/p>\n    <p >\n        &#8211;  Aider les autorit\u00e9s \u00e0 concevoir les strat\u00e9gies ad\u00e9quates, \u00e9laborer les programmes pratiques afin d\u2019am\u00e9liorer les performances des sportifs\n         et leurs r\u00e9sultats et promouvoir le sport national et assurer sa mise \u00e0 niveau.  \n        <\/p>\n        <p >\n            &#8211;  Observer l\u2019\u00e9volution des activit\u00e9s sportives de toutes les cat\u00e9gories sociales et contribuer\n             \u00e0 la conception des plans et programmes visant l\u2019\u00e9largissement de la pratique du sport.  \n            <\/p>\n            <p>\n                &#8211; Etablir des partenariats avec les \u00e9tablissements similaires et les autres structures nationales et \u00e9trang\u00e8res concern\u00e9es par \n                le sport, \u00e9changer les informations et les documents et r\u00e9aliser les programmes de coop\u00e9ration.\n            <\/p>\n\n  <div class=\"w3-row-padding\" style=\"margin-top:64px\">\n    \n  <\/div>\n\n  <div class=\"w3-row-padding w3-section\">\n    \n  <\/div>\n<\/div>\n\n<!-- Modal for full size images on click-->\n\n\n<!-- Pricing Section -->\n\n\n<!-- Contact Section -->\n\n\n<!-- Footer -->\n\n \n<script>\n\/\/ Modal Image Gallery\nfunction onClick(element) {\n  document.getElementById(\"img01\").src = element.src;\n  document.getElementById(\"modal01\").style.display = \"block\";\n  var captionText = document.getElementById(\"caption\");\n  captionText.innerHTML = element.alt;\n}\n\n\n\/\/ Toggle between showing and hiding the sidebar when clicking the menu icon\nvar mySidebar = document.getElementById(\"mySidebar\");\n\nfunction w3_open() {\n  if (mySidebar.style.display === 'block') {\n    mySidebar.style.display = 'none';\n  } else {\n    mySidebar.style.display = 'block';\n  }\n}\n\n\/\/ Close the sidebar with the close button\nfunction w3_close() {\n    mySidebar.style.display = \"none\";\n}\n<\/script>\n\n<\/body>\n<\/html>\n<\/div>\n\t\t\t\t<\/div>\n\t\t\t\t<\/div>\n\t\t\t\t\t<\/div>\n\t\t<\/div>\n\t\t\t\t\t\t\t<\/div>\n\t\t<\/section>\n\t\t\t\t\t\t<\/div>\n\t\t\t\t\t<\/div>\n\t\t","protected":false},"excerpt":{"rendered":"<p>Obsevatoire du sport OBSERVATOIRE DU SPORT L\u2019observatoire du sport Africain a pour objectif la collecte, le traitement et la mise en valeur des donn\u00e9es sur le sport africain afin d\u2019effectuer des comparaisons par zone et par pays. Voir Les Missions de l&#8217;Observatoire L\u2019Observatoire National du Sport est charg\u00e9 notamment des missions suivantes : &#8211; Observer&nbsp;&hellip;<\/p>\n","protected":false},"author":1,"featured_media":0,"parent":0,"menu_order":0,"comment_status":"closed","ping_status":"closed","template":"elementor_header_footer","meta":[],"yoast_head":"<!-- This site is optimized with the Yoast SEO plugin v15.6.2 - https:\/\/yoast.com\/wordpress\/plugins\/seo\/ -->\n<title>Observatoire du Sport - CA2E-SPORT<\/title>\n<meta name=\"robots\" content=\"index, follow, max-snippet:-1, max-image-preview:large, max-video-preview:-1\" \/>\n<link rel=\"canonical\" href=\"https:\/\/ca2e-sport.com\/index.php\/musee-virtuel-du-sport-africain\/\" \/>\n<meta property=\"og:locale\" content=\"fr_FR\" \/>\n<meta property=\"og:type\" content=\"article\" \/>\n<meta property=\"og:title\" content=\"Observatoire du Sport - CA2E-SPORT\" \/>\n<meta property=\"og:description\" content=\"Obsevatoire du sport OBSERVATOIRE DU SPORT L\u2019observatoire du sport Africain a pour objectif la collecte, le traitement et la mise en valeur des donn\u00e9es sur le sport africain afin d\u2019effectuer des comparaisons par zone et par pays. Voir Les Missions de l&#8217;Observatoire L\u2019Observatoire National du Sport est charg\u00e9 notamment des missions suivantes : &#8211; Observer&nbsp;&hellip;\" \/>\n<meta property=\"og:url\" content=\"https:\/\/ca2e-sport.com\/index.php\/musee-virtuel-du-sport-africain\/\" \/>\n<meta property=\"og:site_name\" content=\"CA2E-SPORT\" \/>\n<meta property=\"article:modified_time\" content=\"2021-03-11T12:26:44+00:00\" \/>\n<meta property=\"og:image\" content=\"http:\/\/ca2e-sport.com\/wp-content\/uploads\/2021\/03\/basF.png\" \/>\n<meta name=\"twitter:card\" content=\"summary_large_image\" \/>\n<meta name=\"twitter:label1\" content=\"Dur\u00e9e de lecture est.\">\n\t<meta name=\"twitter:data1\" content=\"2 minutes\">\n<script type=\"application\/ld+json\" class=\"yoast-schema-graph\">{\"@context\":\"https:\/\/schema.org\",\"@graph\":[{\"@type\":\"WebSite\",\"@id\":\"https:\/\/ca2e-sport.com\/#website\",\"url\":\"https:\/\/ca2e-sport.com\/\",\"name\":\"CA2E-SPORT\",\"description\":\"\",\"potentialAction\":[{\"@type\":\"SearchAction\",\"target\":\"https:\/\/ca2e-sport.com\/?s={search_term_string}\",\"query-input\":\"required name=search_term_string\"}],\"inLanguage\":\"fr-FR\"},{\"@type\":\"ImageObject\",\"@id\":\"https:\/\/ca2e-sport.com\/index.php\/musee-virtuel-du-sport-africain\/#primaryimage\",\"inLanguage\":\"fr-FR\",\"url\":\"http:\/\/ca2e-sport.com\/wp-content\/uploads\/2021\/03\/basF.png\"},{\"@type\":\"WebPage\",\"@id\":\"https:\/\/ca2e-sport.com\/index.php\/musee-virtuel-du-sport-africain\/#webpage\",\"url\":\"https:\/\/ca2e-sport.com\/index.php\/musee-virtuel-du-sport-africain\/\",\"name\":\"Observatoire du Sport - CA2E-SPORT\",\"isPartOf\":{\"@id\":\"https:\/\/ca2e-sport.com\/#website\"},\"primaryImageOfPage\":{\"@id\":\"https:\/\/ca2e-sport.com\/index.php\/musee-virtuel-du-sport-africain\/#primaryimage\"},\"datePublished\":\"2021-01-29T21:18:11+00:00\",\"dateModified\":\"2021-03-11T12:26:44+00:00\",\"inLanguage\":\"fr-FR\",\"potentialAction\":[{\"@type\":\"ReadAction\",\"target\":[\"https:\/\/ca2e-sport.com\/index.php\/musee-virtuel-du-sport-africain\/\"]}]}]}<\/script>\n<!-- \/ Yoast SEO plugin. -->","_links":{"self":[{"href":"https:\/\/ca2e-sport.com\/index.php\/wp-json\/wp\/v2\/pages\/322"}],"collection":[{"href":"https:\/\/ca2e-sport.com\/index.php\/wp-json\/wp\/v2\/pages"}],"about":[{"href":"https:\/\/ca2e-sport.com\/index.php\/wp-json\/wp\/v2\/types\/page"}],"author":[{"embeddable":true,"href":"https:\/\/ca2e-sport.com\/index.php\/wp-json\/wp\/v2\/users\/1"}],"replies":[{"embeddable":true,"href":"https:\/\/ca2e-sport.com\/index.php\/wp-json\/wp\/v2\/comments?post=322"}],"version-history":[{"count":5,"href":"https:\/\/ca2e-sport.com\/index.php\/wp-json\/wp\/v2\/pages\/322\/revisions"}],"predecessor-version":[{"id":1109,"href":"https:\/\/ca2e-sport.com\/index.php\/wp-json\/wp\/v2\/pages\/322\/revisions\/1109"}],"wp:attachment":[{"href":"https:\/\/ca2e-sport.com\/index.php\/wp-json\/wp\/v2\/media?parent=322"}],"curies":[{"name":"wp","href":"https:\/\/api.w.org\/{rel}","templated":true}]}}