{"id":520,"date":"2021-02-02T16:38:57","date_gmt":"2021-02-02T15:38:57","guid":{"rendered":"http:\/\/ca2e-sport.com\/?page_id=520"},"modified":"2021-02-28T13:13:46","modified_gmt":"2021-02-28T12:13:46","slug":"evenementiel","status":"publish","type":"page","link":"https:\/\/ca2e-sport.com\/index.php\/evenementiel\/","title":{"rendered":"Ev\u00e8nementiel"},"content":{"rendered":"\t\t<div data-elementor-type=\"wp-page\" data-elementor-id=\"520\" class=\"elementor elementor-520\" data-elementor-settings=\"[]\">\n\t\t\t\t\t\t\t<div class=\"elementor-section-wrap\">\n\t\t\t\t\t\t\t<section class=\"elementor-section elementor-top-section elementor-element elementor-element-61c012b elementor-section-boxed elementor-section-height-default elementor-section-height-default\" data-id=\"61c012b\" data-element_type=\"section\">\n\t\t\t\t\t\t<div class=\"elementor-container elementor-column-gap-default\">\n\t\t\t\t\t<div class=\"elementor-column elementor-col-100 elementor-top-column elementor-element elementor-element-7408d98\" data-id=\"7408d98\" data-element_type=\"column\">\n\t\t\t<div class=\"elementor-widget-wrap elementor-element-populated\">\n\t\t\t\t\t\t\t\t<div class=\"elementor-element elementor-element-b0e127a elementor-widget elementor-widget-text-editor\" data-id=\"b0e127a\" data-element_type=\"widget\" data-widget_type=\"text-editor.default\">\n\t\t\t\t<div class=\"elementor-widget-container\">\n\t\t\t\t\t<div class=\"elementor-text-editor elementor-clearfix\"><!DOCTYPE html>\n<html>\n<title><\/title>\n<meta charset=\"UTF-8\">\n<meta name=\"viewport\" content=\"width=device-width, initial-scale=1\">\n<link rel=\"stylesheet\" href=\"https:\/\/www.w3schools.com\/w3css\/4\/w3.css\">\n<style>\nbody {font-family: \"Times New Roman\", Georgia, Serif;}\nh1, h2, h3, h4, h5, h6 {\n  font-family: \"Playfair Display\";\n  letter-spacing: 5px;\n}\n<\/style>\n<body>\n\n\n<!-- Page content -->\n<div class=\"w3-content\" style=\"max-width:1100px\">\n\n  <!-- About Section -->\n  \n  <hr>\n  \n  <!-- Menu Section -->\n  <div class=\"w3-row w3-padding-64\" id=\"menu\">\n    <div class=\"w3-col l6 w3-padding-large\">\n      <h1 class=\"w3-center\">Ev\u00e8nementiel <\/h1><br>\n      <h4><\/h4>\n      <p>\n          CA2E-Sport con\u00e7oit et met en \u0153uvre des \u00e9v\u00e9nements sportifs : <br>\n&#8211;\t  De toutes natures (d&#8217;\u00e9lite, \u00e9v\u00e9nements de masse \u2026), <br>\n&#8211;\t  Dans toutes les disciplines (Basket, Football, Hand, Running, Tennis, Volley, \u2026) <br>\n&#8211;\t  Selon tous les formats (tournois d\u2019entreprises et inter-entreprises, session de team building\n et incitatives, tourn\u00e9es itin\u00e9rantes, challenges, sports camps,\u2026).\n\n<\/p><br>\n    \n      \n    <\/div>\n    \n    <div class=\"w3-col l6 w3-padding-large\">\n\t<img src=\"https:\/\/ca2e-sport.com\/wp-content\/uploads\/2021\/02\/IMG_20190414_180528_7-scaled.jpg\" class=\"w3-round w3-image w3-opacity-min\" alt=\"Menu\" style=\"width:100%\"><br>\n      \n    <\/div>\n  <\/div>\n\n  <hr>\n\n  \n  \n<!-- End page content -->\n<\/div>\n\n\n\n<\/body>\n<\/html>\n<\/div>\n\t\t\t\t<\/div>\n\t\t\t\t<\/div>\n\t\t\t\t\t<\/div>\n\t\t<\/div>\n\t\t\t\t\t\t\t<\/div>\n\t\t<\/section>\n\t\t\t\t\t\t<\/div>\n\t\t\t\t\t<\/div>\n\t\t","protected":false},"excerpt":{"rendered":"<p>Ev\u00e8nementiel CA2E-Sport con\u00e7oit et met en \u0153uvre des \u00e9v\u00e9nements sportifs : &#8211; De toutes natures (d&#8217;\u00e9lite, \u00e9v\u00e9nements de masse \u2026), &#8211; Dans toutes les disciplines (Basket, Football, Hand, Running, Tennis, Volley, \u2026) &#8211; Selon tous les formats (tournois d\u2019entreprises et inter-entreprises, session de team building et incitatives, tourn\u00e9es itin\u00e9rantes, challenges, sports camps,\u2026).<\/p>\n","protected":false},"author":1,"featured_media":0,"parent":0,"menu_order":0,"comment_status":"closed","ping_status":"closed","template":"","meta":[],"yoast_head":"<!-- This site is optimized with the Yoast SEO plugin v15.6.2 - https:\/\/yoast.com\/wordpress\/plugins\/seo\/ -->\n<title>Ev\u00e8nementiel - CA2E-SPORT<\/title>\n<meta name=\"robots\" content=\"index, follow, max-snippet:-1, max-image-preview:large, max-video-preview:-1\" \/>\n<link rel=\"canonical\" href=\"https:\/\/ca2e-sport.com\/index.php\/evenementiel\/\" \/>\n<meta property=\"og:locale\" content=\"fr_FR\" \/>\n<meta property=\"og:type\" content=\"article\" \/>\n<meta property=\"og:title\" content=\"Ev\u00e8nementiel - CA2E-SPORT\" \/>\n<meta property=\"og:description\" content=\"Ev\u00e8nementiel CA2E-Sport con\u00e7oit et met en \u0153uvre des \u00e9v\u00e9nements sportifs : &#8211; De toutes natures (d&#8217;\u00e9lite, \u00e9v\u00e9nements de masse \u2026), &#8211; Dans toutes les disciplines (Basket, Football, Hand, Running, Tennis, Volley, \u2026) &#8211; Selon tous les formats (tournois d\u2019entreprises et inter-entreprises, session de team building et incitatives, tourn\u00e9es itin\u00e9rantes, challenges, sports camps,\u2026).\" \/>\n<meta property=\"og:url\" content=\"https:\/\/ca2e-sport.com\/index.php\/evenementiel\/\" \/>\n<meta property=\"og:site_name\" content=\"CA2E-SPORT\" \/>\n<meta property=\"article:modified_time\" content=\"2021-02-28T12:13:46+00:00\" \/>\n<meta property=\"og:image\" content=\"http:\/\/ca2e-sport.com\/wp-content\/uploads\/2021\/02\/IMG_20190414_180528_7-scaled.jpg\" \/>\n<meta name=\"twitter:card\" content=\"summary_large_image\" \/>\n<meta name=\"twitter:label1\" content=\"Dur\u00e9e de lecture est.\">\n\t<meta name=\"twitter:data1\" content=\"1 minute\">\n<script type=\"application\/ld+json\" class=\"yoast-schema-graph\">{\"@context\":\"https:\/\/schema.org\",\"@graph\":[{\"@type\":\"WebSite\",\"@id\":\"https:\/\/ca2e-sport.com\/#website\",\"url\":\"https:\/\/ca2e-sport.com\/\",\"name\":\"CA2E-SPORT\",\"description\":\"\",\"potentialAction\":[{\"@type\":\"SearchAction\",\"target\":\"https:\/\/ca2e-sport.com\/?s={search_term_string}\",\"query-input\":\"required name=search_term_string\"}],\"inLanguage\":\"fr-FR\"},{\"@type\":\"ImageObject\",\"@id\":\"https:\/\/ca2e-sport.com\/index.php\/evenementiel\/#primaryimage\",\"inLanguage\":\"fr-FR\",\"url\":\"http:\/\/ca2e-sport.com\/wp-content\/uploads\/2021\/02\/IMG_20190414_180528_7-scaled.jpg\"},{\"@type\":\"WebPage\",\"@id\":\"https:\/\/ca2e-sport.com\/index.php\/evenementiel\/#webpage\",\"url\":\"https:\/\/ca2e-sport.com\/index.php\/evenementiel\/\",\"name\":\"Ev\\u00e8nementiel - CA2E-SPORT\",\"isPartOf\":{\"@id\":\"https:\/\/ca2e-sport.com\/#website\"},\"primaryImageOfPage\":{\"@id\":\"https:\/\/ca2e-sport.com\/index.php\/evenementiel\/#primaryimage\"},\"datePublished\":\"2021-02-02T15:38:57+00:00\",\"dateModified\":\"2021-02-28T12:13:46+00:00\",\"inLanguage\":\"fr-FR\",\"potentialAction\":[{\"@type\":\"ReadAction\",\"target\":[\"https:\/\/ca2e-sport.com\/index.php\/evenementiel\/\"]}]}]}<\/script>\n<!-- \/ Yoast SEO plugin. -->","_links":{"self":[{"href":"https:\/\/ca2e-sport.com\/index.php\/wp-json\/wp\/v2\/pages\/520"}],"collection":[{"href":"https:\/\/ca2e-sport.com\/index.php\/wp-json\/wp\/v2\/pages"}],"about":[{"href":"https:\/\/ca2e-sport.com\/index.php\/wp-json\/wp\/v2\/types\/page"}],"author":[{"embeddable":true,"href":"https:\/\/ca2e-sport.com\/index.php\/wp-json\/wp\/v2\/users\/1"}],"replies":[{"embeddable":true,"href":"https:\/\/ca2e-sport.com\/index.php\/wp-json\/wp\/v2\/comments?post=520"}],"version-history":[{"count":16,"href":"https:\/\/ca2e-sport.com\/index.php\/wp-json\/wp\/v2\/pages\/520\/revisions"}],"predecessor-version":[{"id":1010,"href":"https:\/\/ca2e-sport.com\/index.php\/wp-json\/wp\/v2\/pages\/520\/revisions\/1010"}],"wp:attachment":[{"href":"https:\/\/ca2e-sport.com\/index.php\/wp-json\/wp\/v2\/media?parent=520"}],"curies":[{"name":"wp","href":"https:\/\/api.w.org\/{rel}","templated":true}]}}